{"id":11145,"date":"2018-02-06T02:19:19","date_gmt":"2018-02-06T01:19:19","guid":{"rendered":"https:\/\/www.elmolino.at\/impresum\/"},"modified":"2018-02-06T02:19:19","modified_gmt":"2018-02-06T01:19:19","slug":"impresum","status":"publish","type":"page","link":"https:\/\/www.elmolino.at\/cs\/impresum\/","title":{"rendered":"Impresum"},"content":{"rendered":"<h2>V\u0161eobecn\u00e9 obchodn\u00ed podm\u00ednky<\/h2>\n<p>Pro v\u0161echny semin\u00e1rn\u00ed slu\u017eby plat\u00ed n\u00e1sleduj\u00edc\u00ed v\u0161eobecn\u00e9 obchodn\u00ed podm\u00ednky: <a href=\"https:\/\/www.elmolino.at\/agbs\/\" target=\"_blank\" rel=\"noopener noreferrer\">VOP<\/a><\/p>\n<h2><\/h2>\n<h2>Ochrana osobn\u00edch \u00fadaj\u016f<\/h2>\n<p>Ochrana osobn\u00edch \u00fadaj\u016f je pro n\u00e1s d\u016fle\u017eit\u00e1. Proto vyv\u00edj\u00edme na\u0161e aktivity v souladu s platn\u00fdmi pr\u00e1vn\u00edmi p\u0159edpisy na ochranu osobn\u00edch \u00fadaj\u016f a zabezpe\u010den\u00ed dat. <\/p>\n<p><a href=\"https:\/\/www.elmolino.at\/datenschutzerklaerung\/\" target=\"_blank\" rel=\"noopener noreferrer\">Pro v\u00edce informac\u00ed klikn\u011bte zde<\/a><\/p>\n<h2><\/h2>\n<h2>\u00dadaje<\/h2>\n<p><strong>N\u00e1zev spole\u010dnosti dle obchodn\u00edho rejst\u0159\u00edku:<\/strong> Biotic Institute<b> <\/b>Seminarzentrum & Gesundheits-Produkte GmbH<br \/>\n<strong>Majitel:<\/strong> Udo Kolitscher<\/p>\n<p><strong>P\u0159edm\u011bt podnik\u00e1n\u00ed:<\/strong> \u017divotn\u00ed a soci\u00e1ln\u00ed poradce, maloobchod<br \/>\n<strong>S\u00eddlo spole\u010dnosti:<\/strong> A-3900 Schwarzenau, Modlisch 7-8<\/p>\n<p><strong>Adresa provozovny\/kancel\u00e1\u0159e:<\/strong> A-3900 Schwarzenau, Modlisch 7-8<br \/>\n<strong>\u010c\u00edslo spole\u010dnosti:<\/strong> 234129h<br \/>\n<strong>M\u00edsto soudu:<\/strong> Zwettl<br \/>\n<strong>Pr\u00e1vn\u00ed forma:<\/strong> Spole\u010dnost s ru\u010den\u00edm omezen\u00fdm (GmbH)<\/p>\n<p><strong>DI\u010c:<\/strong> ATU 569 178 67<strong> <\/strong> <\/p>\n<p><strong>\u010clenstv\u00ed v komo\u0159e:<\/strong> Hospod\u00e1\u0159sk\u00e1 komora Doln\u00ed Rakousko<\/p>\n<p><strong>Odborn\u00e9 skupiny:<\/strong> \u017divotn\u00ed a soci\u00e1ln\u00ed poradce<\/p>\n<p><strong>Odpov\u011bdn\u00fd za obsah:<\/strong> Udo Kolitscher, Claudia Kolitscher<br \/>\n<strong>Zve\u0159ejn\u011bn\u00ed:<\/strong> Rozvoj osobnosti, poradenstv\u00ed a slu\u017eby spole\u010dnosti.<\/p>\n<p><strong>Fotografie:<\/strong> Soukrom\u00e9, fotolia.com, pixabay.com, pexels.com, istockphoto.com, elements.envato.com<br \/>\n<strong>Hosting:<\/strong> powered by Alfahosting GmbH<\/p>\n<h2><\/h2>\n<h2>Impresum<\/h2>\n<p>\u00dadaje dle \u00a7 5 TMG:<\/p>\n<p>Biotic Institute<br \/>\nSeminarzentrum und Gesundheits-Produkte GmbH<br \/>\nModlisch 7-8<br \/>\nA-3900<br \/>\nSchwarzenau<\/p>\n<h2><\/h2>\n<h2>Kontakt:<\/h2>\n<p>Modlisch 7-8<br \/>\nA-3900 Schwarzenau<br \/>\n<a href=\"mailto:info@biotic-institute.com\">info@biotic-institute.com<\/a><br \/>\nTel: +43-(0)2849-5000<br \/>\nFax: +43-(0)2849-5000-11<br \/>\nUID-Nr. ATU56917867<br \/>\nFirmenbuchnr. 234129h<br \/>\nLandesgericht Zwettl  <\/p>\n<div class=\"thrv_wrapper thrv_text_element tve_empty_dropzone\">\n<h2><\/h2>\n<h2 class=\"\">Disclaimer \u2013 pr\u00e1vn\u00ed upozorn\u011bn\u00ed<\/h2>\n<p>\u00a7 1 Upozorn\u011bn\u00ed k obsahu<\/p>\n<\/div>\n<div class=\"thrv_wrapper thrv_text_element tve_empty_dropzone\">\n<p>Bezplatn\u00fd a voln\u011b p\u0159\u00edstupn\u00fd obsah t\u00e9to webov\u00e9 str\u00e1nky byl vytvo\u0159en s nejv\u011bt\u0161\u00ed mo\u017enou p\u00e9\u010d\u00ed. Provozovatel t\u00e9to webov\u00e9 str\u00e1nky v\u0161ak nep\u0159eb\u00edr\u00e1 \u017e\u00e1dnou z\u00e1ruku za spr\u00e1vnost a aktu\u00e1lnost poskytovan\u00fdch bezplatn\u00fdch a voln\u011b p\u0159\u00edstupn\u00fdch novin\u00e1\u0159sk\u00fdch r\u00e1dc\u016f a zpr\u00e1v. P\u0159\u00edsp\u011bvky ozna\u010den\u00e9 jm\u00e9nem vyjad\u0159uj\u00ed n\u00e1zor p\u0159\u00edslu\u0161n\u00e9ho autora, a ne v\u017edy n\u00e1zor provozovatele. Pouh\u00fdm vyvol\u00e1n\u00edm bezplatn\u00e9ho a voln\u011b p\u0159\u00edstupn\u00e9ho obsahu nevznik\u00e1 \u017e\u00e1dn\u00fd smluvn\u00ed vztah mezi u\u017eivatelem a provozovatelem, nebo\u0165 provozovatel nem\u00e1 v\u016fli b\u00fdt pr\u00e1vn\u011b v\u00e1z\u00e1n.   <\/p>\n<\/div>\n<div class=\"thrv_wrapper thrv_text_element tve_empty_dropzone\">\n<p>\u00a7 2 Extern\u00ed odkazy<\/p>\n<\/div>\n<div class=\"thrv_wrapper thrv_text_element tve_empty_dropzone\">\n<p>Tato webov\u00e1 str\u00e1nka obsahuje odkazy na webov\u00e9 str\u00e1nky t\u0159et\u00edch stran (\u00e2\u20ac\u017eextern\u00ed odkazy\u00e2\u20ac\u0153). Tyto webov\u00e9 str\u00e1nky podl\u00e9haj\u00ed odpov\u011bdnosti p\u0159\u00edslu\u0161n\u00fdch provozovatel\u016f. Provozovatel p\u0159i prvn\u00edm propojen\u00ed extern\u00edch odkaz\u016f zkontroloval ciz\u00ed obsah, zda neobsahuje p\u0159\u00edpadn\u00e9 pr\u00e1vn\u00ed vady. V dan\u00e9m okam\u017eiku nebyly \u017e\u00e1dn\u00e9 pr\u00e1vn\u00ed vady patrn\u00e9. Provozovatel nem\u00e1 \u017e\u00e1dn\u00fd vliv na aktu\u00e1ln\u00ed a budouc\u00ed podobu a na obsah propojen\u00fdch str\u00e1nek. Um\u00edst\u011bn\u00ed extern\u00edch odkaz\u016f neznamen\u00e1, \u017ee si provozovatel obsah, kter\u00fd se skr\u00fdv\u00e1 za odkazem nebo spojen\u00edm, osvojuje. St\u00e1l\u00e1 kontrola extern\u00edch odkaz\u016f nen\u00ed pro provozovatele bez konkr\u00e9tn\u00edch upozorn\u011bn\u00ed na pr\u00e1vn\u00ed vady \u00fanosn\u00e1. P\u0159i zji\u0161t\u011bn\u00ed pr\u00e1vn\u00edch vad v\u0161ak budou takov\u00e9 extern\u00ed odkazy neprodlen\u011b smaz\u00e1ny.       <\/p>\n<\/div>\n<div class=\"thrv_wrapper thrv_text_element tve_empty_dropzone\">\n<p>\u00a7 3 Autorsk\u00e9 a ochrann\u00e9 pr\u00e1vo<\/p>\n<\/div>\n<div class=\"thrv_wrapper thrv_text_element tve_empty_dropzone\">\n<p>Obsah zve\u0159ejn\u011bn\u00fd na t\u00e9to webov\u00e9 str\u00e1nce podl\u00e9h\u00e1 n\u011bmeck\u00e9mu autorsk\u00e9mu a ochrann\u00e9mu pr\u00e1vu. Jak\u00e9koliv vyu\u017eit\u00ed, kter\u00e9 nen\u00ed n\u011bmeck\u00fdm autorsk\u00fdm a ochrann\u00fdm pr\u00e1vem povoleno, vy\u017eaduje p\u0159edchoz\u00ed p\u00edsemn\u00fd souhlas provozovatele nebo p\u0159\u00edslu\u0161n\u00e9ho majitele pr\u00e1v. To plat\u00ed zejm\u00e9na pro rozmno\u017eov\u00e1n\u00ed, zpracov\u00e1n\u00ed, p\u0159eklad, ukl\u00e1d\u00e1n\u00ed, zpracov\u00e1n\u00ed, resp. reprodukci obsahu v datab\u00e1z\u00edch nebo jin\u00fdch elektronick\u00fdch m\u00e9di\u00edch a syst\u00e9mech. Obsah a pr\u00e1va t\u0159et\u00edch stran jsou p\u0159itom jako takov\u00e9 ozna\u010deny. Nepovolen\u00e9 rozmno\u017eov\u00e1n\u00ed nebo p\u0159ed\u00e1v\u00e1n\u00ed jednotliv\u00e9ho obsahu nebo kompletn\u00edch str\u00e1nek nen\u00ed povoleno a je trestn\u00e9. Povoleno je pouze vytv\u00e1\u0159en\u00ed kopi\u00ed a stahov\u00e1n\u00ed pro osobn\u00ed, soukrom\u00e9 a nekomer\u010dn\u00ed pou\u017eit\u00ed.     <\/p>\n<\/div>\n<div class=\"thrv_wrapper thrv_text_element tve_empty_dropzone\">\n<p>Zobrazen\u00ed t\u00e9to webov\u00e9 str\u00e1nky v ciz\u00edch r\u00e1mech je p\u0159\u00edpustn\u00e9 pouze s p\u00edsemn\u00fdm povolen\u00edm.<\/p>\n<\/div>\n<div class=\"thrv_wrapper thrv_text_element tve_empty_dropzone\">\n<p>\u00a7 4 Zvl\u00e1\u0161tn\u00ed podm\u00ednky pou\u017e\u00edv\u00e1n\u00ed<\/p>\n<\/div>\n<div class=\"thrv_wrapper thrv_text_element tve_empty_dropzone\">\n<p>Pokud se zvl\u00e1\u0161tn\u00ed podm\u00ednky pro jednotliv\u00e9 zp\u016fsoby pou\u017e\u00edv\u00e1n\u00ed t\u00e9to webov\u00e9 str\u00e1nky odchyluj\u00ed od v\u00fd\u0161e uveden\u00fdch paragraf\u016f, bude na p\u0159\u00edslu\u0161n\u00e9m m\u00edst\u011b v\u00fdslovn\u011b upozorn\u011bno. V tomto p\u0159\u00edpad\u011b plat\u00ed v jednotliv\u00e9m p\u0159\u00edpad\u011b zvl\u00e1\u0161tn\u00ed podm\u00ednky pou\u017e\u00edv\u00e1n\u00ed. <\/p>\n<\/div>\n","protected":false},"excerpt":{"rendered":"<p>V\u0161eobecn\u00e9 obchodn\u00ed podm\u00ednky Pro v\u0161echny semin\u00e1rn\u00ed slu\u017eby plat\u00ed n\u00e1sleduj\u00edc\u00ed v\u0161eobecn\u00e9 obchodn\u00ed podm\u00ednky: VOP Ochrana osobn\u00edch \u00fadaj\u016f Ochrana osobn\u00edch \u00fadaj\u016f je [&hellip;]<\/p>\n","protected":false},"author":4,"featured_media":0,"parent":0,"menu_order":0,"comment_status":"closed","ping_status":"closed","template":"","meta":{"site-sidebar-layout":"no-sidebar","site-content-layout":"plain-container","ast-site-content-layout":"normal-width-container","site-content-style":"unboxed","site-sidebar-style":"unboxed","ast-global-header-display":"","ast-banner-title-visibility":"","ast-main-header-display":"","ast-hfb-above-header-display":"","ast-hfb-below-header-display":"","ast-hfb-mobile-header-display":"","site-post-title":"","ast-breadcrumbs-content":"","ast-featured-img":"disabled","footer-sml-layout":"","theme-transparent-header-meta":"default","adv-header-id-meta":"","stick-header-meta":"default","header-above-stick-meta":"","header-main-stick-meta":"","header-below-stick-meta":"","astra-migrate-meta-layouts":"default","ast-page-background-enabled":"default","ast-page-background-meta":{"desktop":{"background-color":"","background-image":"","background-repeat":"repeat","background-position":"center center","background-size":"auto","background-attachment":"scroll","background-type":"","background-media":"","overlay-type":"","overlay-color":"","overlay-opacity":"","overlay-gradient":""},"tablet":{"background-color":"","background-image":"","background-repeat":"repeat","background-position":"center center","background-size":"auto","background-attachment":"scroll","background-type":"","background-media":"","overlay-type":"","overlay-color":"","overlay-opacity":"","overlay-gradient":""},"mobile":{"background-color":"","background-image":"","background-repeat":"repeat","background-position":"center center","background-size":"auto","background-attachment":"scroll","background-type":"","background-media":"","overlay-type":"","overlay-color":"","overlay-opacity":"","overlay-gradient":""}},"ast-content-background-meta":{"desktop":{"background-color":"var(--ast-global-color-5)","background-image":"","background-repeat":"repeat","background-position":"center center","background-size":"auto","background-attachment":"scroll","background-type":"","background-media":"","overlay-type":"","overlay-color":"","overlay-opacity":"","overlay-gradient":""},"tablet":{"background-color":"var(--ast-global-color-5)","background-image":"","background-repeat":"repeat","background-position":"center center","background-size":"auto","background-attachment":"scroll","background-type":"","background-media":"","overlay-type":"","overlay-color":"","overlay-opacity":"","overlay-gradient":""},"mobile":{"background-color":"var(--ast-global-color-5)","background-image":"","background-repeat":"repeat","background-position":"center center","background-size":"auto","background-attachment":"scroll","background-type":"","background-media":"","overlay-type":"","overlay-color":"","overlay-opacity":"","overlay-gradient":""}},"footnotes":""},"class_list":["post-11145","page","type-page","status-publish","hentry"],"yoast_head":"<!-- This site is optimized with the Yoast SEO plugin v27.5 - https:\/\/yoast.com\/product\/yoast-seo-wordpress\/ -->\n<title>Impresum - El Molino<\/title>\n<meta name=\"robots\" content=\"index, follow, max-snippet:-1, max-image-preview:large, max-video-preview:-1\" \/>\n<link rel=\"canonical\" href=\"https:\/\/www.elmolino.at\/cs\/impresum\/\" \/>\n<meta property=\"og:locale\" content=\"cs_CZ\" \/>\n<meta property=\"og:type\" content=\"article\" \/>\n<meta property=\"og:title\" content=\"Impresum - El Molino\" \/>\n<meta property=\"og:description\" content=\"V\u0161eobecn\u00e9 obchodn\u00ed podm\u00ednky Pro v\u0161echny semin\u00e1rn\u00ed slu\u017eby plat\u00ed n\u00e1sleduj\u00edc\u00ed v\u0161eobecn\u00e9 obchodn\u00ed podm\u00ednky: VOP Ochrana osobn\u00edch \u00fadaj\u016f Ochrana osobn\u00edch \u00fadaj\u016f je [&hellip;]\" \/>\n<meta property=\"og:url\" content=\"https:\/\/www.elmolino.at\/cs\/impresum\/\" \/>\n<meta property=\"og:site_name\" content=\"El Molino\" \/>\n<meta name=\"twitter:card\" content=\"summary_large_image\" \/>\n<meta name=\"twitter:label1\" content=\"Odhadovan\u00e1 doba \u010dten\u00ed\" \/>\n\t<meta name=\"twitter:data1\" content=\"4 minuty\" \/>\n<script type=\"application\/ld+json\" class=\"yoast-schema-graph\">{\"@context\":\"https:\\\/\\\/schema.org\",\"@graph\":[{\"@type\":\"WebPage\",\"@id\":\"https:\\\/\\\/www.elmolino.at\\\/cs\\\/impresum\\\/\",\"url\":\"https:\\\/\\\/www.elmolino.at\\\/cs\\\/impresum\\\/\",\"name\":\"Impresum - El Molino\",\"isPartOf\":{\"@id\":\"https:\\\/\\\/www.elmolino.at\\\/cs\\\/#website\"},\"datePublished\":\"2018-02-06T01:19:19+00:00\",\"breadcrumb\":{\"@id\":\"https:\\\/\\\/www.elmolino.at\\\/cs\\\/impresum\\\/#breadcrumb\"},\"inLanguage\":\"cs\",\"potentialAction\":[{\"@type\":\"ReadAction\",\"target\":[\"https:\\\/\\\/www.elmolino.at\\\/cs\\\/impresum\\\/\"]}]},{\"@type\":\"BreadcrumbList\",\"@id\":\"https:\\\/\\\/www.elmolino.at\\\/cs\\\/impresum\\\/#breadcrumb\",\"itemListElement\":[{\"@type\":\"ListItem\",\"position\":1,\"name\":\"Startseite\",\"item\":\"https:\\\/\\\/www.elmolino.at\\\/cs\\\/domu\\\/\"},{\"@type\":\"ListItem\",\"position\":2,\"name\":\"Impresum\"}]},{\"@type\":\"WebSite\",\"@id\":\"https:\\\/\\\/www.elmolino.at\\\/cs\\\/#website\",\"url\":\"https:\\\/\\\/www.elmolino.at\\\/cs\\\/\",\"name\":\"El Molino\",\"description\":\"DIE EINZIGARTIGE EVENT LOCATION. GENIESSEN SIE \u00c3\u2013STERREICH.\",\"publisher\":{\"@id\":\"https:\\\/\\\/www.elmolino.at\\\/cs\\\/#organization\"},\"potentialAction\":[{\"@type\":\"SearchAction\",\"target\":{\"@type\":\"EntryPoint\",\"urlTemplate\":\"https:\\\/\\\/www.elmolino.at\\\/cs\\\/?s={search_term_string}\"},\"query-input\":{\"@type\":\"PropertyValueSpecification\",\"valueRequired\":true,\"valueName\":\"search_term_string\"}}],\"inLanguage\":\"cs\"},{\"@type\":\"Organization\",\"@id\":\"https:\\\/\\\/www.elmolino.at\\\/cs\\\/#organization\",\"name\":\"El Molino\",\"url\":\"https:\\\/\\\/www.elmolino.at\\\/cs\\\/\",\"logo\":{\"@type\":\"ImageObject\",\"inLanguage\":\"cs\",\"@id\":\"https:\\\/\\\/www.elmolino.at\\\/cs\\\/#\\\/schema\\\/logo\\\/image\\\/\",\"url\":\"https:\\\/\\\/www.elmolino.at\\\/wp-content\\\/uploads\\\/2025\\\/05\\\/cropped-El-Molino-Logo-Haus-Schrift1.png\",\"contentUrl\":\"https:\\\/\\\/www.elmolino.at\\\/wp-content\\\/uploads\\\/2025\\\/05\\\/cropped-El-Molino-Logo-Haus-Schrift1.png\",\"width\":400,\"height\":140,\"caption\":\"El Molino\"},\"image\":{\"@id\":\"https:\\\/\\\/www.elmolino.at\\\/cs\\\/#\\\/schema\\\/logo\\\/image\\\/\"}}]}<\/script>\n<!-- \/ Yoast SEO plugin. -->","yoast_head_json":{"title":"Impresum - El Molino","robots":{"index":"index","follow":"follow","max-snippet":"max-snippet:-1","max-image-preview":"max-image-preview:large","max-video-preview":"max-video-preview:-1"},"canonical":"https:\/\/www.elmolino.at\/cs\/impresum\/","og_locale":"cs_CZ","og_type":"article","og_title":"Impresum - El Molino","og_description":"V\u0161eobecn\u00e9 obchodn\u00ed podm\u00ednky Pro v\u0161echny semin\u00e1rn\u00ed slu\u017eby plat\u00ed n\u00e1sleduj\u00edc\u00ed v\u0161eobecn\u00e9 obchodn\u00ed podm\u00ednky: VOP Ochrana osobn\u00edch \u00fadaj\u016f Ochrana osobn\u00edch \u00fadaj\u016f je [&hellip;]","og_url":"https:\/\/www.elmolino.at\/cs\/impresum\/","og_site_name":"El Molino","twitter_card":"summary_large_image","twitter_misc":{"Odhadovan\u00e1 doba \u010dten\u00ed":"4 minuty"},"schema":{"@context":"https:\/\/schema.org","@graph":[{"@type":"WebPage","@id":"https:\/\/www.elmolino.at\/cs\/impresum\/","url":"https:\/\/www.elmolino.at\/cs\/impresum\/","name":"Impresum - El Molino","isPartOf":{"@id":"https:\/\/www.elmolino.at\/cs\/#website"},"datePublished":"2018-02-06T01:19:19+00:00","breadcrumb":{"@id":"https:\/\/www.elmolino.at\/cs\/impresum\/#breadcrumb"},"inLanguage":"cs","potentialAction":[{"@type":"ReadAction","target":["https:\/\/www.elmolino.at\/cs\/impresum\/"]}]},{"@type":"BreadcrumbList","@id":"https:\/\/www.elmolino.at\/cs\/impresum\/#breadcrumb","itemListElement":[{"@type":"ListItem","position":1,"name":"Startseite","item":"https:\/\/www.elmolino.at\/cs\/domu\/"},{"@type":"ListItem","position":2,"name":"Impresum"}]},{"@type":"WebSite","@id":"https:\/\/www.elmolino.at\/cs\/#website","url":"https:\/\/www.elmolino.at\/cs\/","name":"El Molino","description":"DIE EINZIGARTIGE EVENT LOCATION. GENIESSEN SIE \u00c3\u2013STERREICH.","publisher":{"@id":"https:\/\/www.elmolino.at\/cs\/#organization"},"potentialAction":[{"@type":"SearchAction","target":{"@type":"EntryPoint","urlTemplate":"https:\/\/www.elmolino.at\/cs\/?s={search_term_string}"},"query-input":{"@type":"PropertyValueSpecification","valueRequired":true,"valueName":"search_term_string"}}],"inLanguage":"cs"},{"@type":"Organization","@id":"https:\/\/www.elmolino.at\/cs\/#organization","name":"El Molino","url":"https:\/\/www.elmolino.at\/cs\/","logo":{"@type":"ImageObject","inLanguage":"cs","@id":"https:\/\/www.elmolino.at\/cs\/#\/schema\/logo\/image\/","url":"https:\/\/www.elmolino.at\/wp-content\/uploads\/2025\/05\/cropped-El-Molino-Logo-Haus-Schrift1.png","contentUrl":"https:\/\/www.elmolino.at\/wp-content\/uploads\/2025\/05\/cropped-El-Molino-Logo-Haus-Schrift1.png","width":400,"height":140,"caption":"El Molino"},"image":{"@id":"https:\/\/www.elmolino.at\/cs\/#\/schema\/logo\/image\/"}}]}},"_links":{"self":[{"href":"https:\/\/www.elmolino.at\/cs\/wp-json\/wp\/v2\/pages\/11145","targetHints":{"allow":["GET"]}}],"collection":[{"href":"https:\/\/www.elmolino.at\/cs\/wp-json\/wp\/v2\/pages"}],"about":[{"href":"https:\/\/www.elmolino.at\/cs\/wp-json\/wp\/v2\/types\/page"}],"author":[{"embeddable":true,"href":"https:\/\/www.elmolino.at\/cs\/wp-json\/wp\/v2\/users\/4"}],"replies":[{"embeddable":true,"href":"https:\/\/www.elmolino.at\/cs\/wp-json\/wp\/v2\/comments?post=11145"}],"version-history":[{"count":0,"href":"https:\/\/www.elmolino.at\/cs\/wp-json\/wp\/v2\/pages\/11145\/revisions"}],"wp:attachment":[{"href":"https:\/\/www.elmolino.at\/cs\/wp-json\/wp\/v2\/media?parent=11145"}],"curies":[{"name":"wp","href":"https:\/\/api.w.org\/{rel}","templated":true}]}}