{"id":10024,"date":"2018-04-24T13:24:02","date_gmt":"2018-04-24T11:24:02","guid":{"rendered":"https:\/\/www.elmolino.at\/termini-e-condizioni\/"},"modified":"2025-04-07T16:22:47","modified_gmt":"2025-04-07T14:22:47","slug":"termini-e-condizioni","status":"publish","type":"page","link":"https:\/\/www.elmolino.at\/it\/termini-e-condizioni\/","title":{"rendered":"Termini e condizioni"},"content":{"rendered":"\t\t<div data-elementor-type=\"wp-page\" data-elementor-id=\"10024\" class=\"elementor elementor-10024 elementor-1922\" data-elementor-post-type=\"page\">\n\t\t\t\t\t\t<section class=\"elementor-section elementor-top-section elementor-element elementor-element-b449529 elementor-section-boxed elementor-section-height-default elementor-section-height-default\" data-id=\"b449529\" data-element_type=\"section\" data-e-type=\"section\">\n\t\t\t\t\t\t<div class=\"elementor-container elementor-column-gap-default\">\n\t\t\t\t\t<div class=\"elementor-column elementor-col-100 elementor-top-column elementor-element elementor-element-b768540\" data-id=\"b768540\" data-element_type=\"column\" data-e-type=\"column\">\n\t\t\t<div class=\"elementor-widget-wrap elementor-element-populated\">\n\t\t\t\t\t\t<div class=\"elementor-element elementor-element-adec13e elementor-widget elementor-widget-text-editor\" data-id=\"adec13e\" data-element_type=\"widget\" data-e-type=\"widget\" data-widget_type=\"text-editor.default\">\n\t\t\t\t<div class=\"elementor-widget-container\">\n\t\t\t\t\t\t\t\t\t<p><strong>1. ARRIVO E PARTENZA<\/strong><\/p><p>Check-in: dalle 14:00 alle 17:00 <\/p><p>Check-out: entro le 10:00<\/p><p>Gli orari di arrivo e partenza possono essere concordati individualmente con il proprietario.<\/p><p>Se l'inquilino non arriva entro le 17:00 o all'ora concordata il giorno dell'arrivo, il contratto si considera risolto. Il proprietario o il suo rappresentante pu\u00f2 quindi disporre liberamente della propriet\u00e0. Non ci sar\u00e0 alcun rimborso (parziale) dell'affitto in caso di partenza anticipata.  <\/p><p>Al momento della consegna della chiave, l'inquilino deve lasciare un deposito in contanti di \u20ac 50,- per chiave. Il deposito sar\u00e0 restituito alla fine del soggiorno se la chiave viene riconsegnata correttamente. <\/p><p>Il proprietario si riserva il diritto (previa notifica) di riscuotere una cauzione in contanti per eventuali danni, che l'inquilino deve depositare in contanti all'arrivo.<\/p><p><strong>2. RICHIESTE SPECIALI E ACCORDI ACCESSORI<\/strong><\/p><p>In linea di principio, sono possibili accordi speciali. Richiedono la conferma scritta del proprietario. Gli animali domestici sono consentiti solo con il consenso scritto del proprietario, specificando in anticipo il tipo e la taglia.  <\/p><p><strong>3. CONCLUSIONE DEL CONTRATTO E INFORMAZIONI SUL PAGAMENTO<\/strong><\/p><p>Una prenotazione diventa valida solo con l'emissione della conferma di prenotazione e con il ricevimento dell'acconto sul conto del proprietario. L'acconto del 20% dell'importo dell'affitto deve essere pagato immediatamente al momento della prenotazione. Dopo il pagamento dell'acconto, il saldo dell'80% deve essere pagato al pi\u00f9 tardi 5 settimane prima dell'arrivo. Dopo il ricevimento del pagamento, verr\u00e0 emessa una fattura separata.   <\/p><p>Se i termini di pagamento non vengono rispettati, il proprietario pu\u00f2 recedere dal contratto. Il mancato pagamento \u00e8 considerato un recesso e il proprietario o il suo rappresentante pu\u00f2 quindi disporre liberamente della propriet\u00e0. <\/p><p>Non vengono addebitati costi aggiuntivi per acqua e riscaldamento.<\/p><p><strong>4. RECESSO \u2013 CONDIZIONI DI CANCELLAZIONE<\/strong><\/p><p>L'inquilino pu\u00f2 recedere dal contratto. Il recesso deve essere fatto per iscritto. In caso di recesso da parte dell'inquilino, quest'ultimo \u00e8 obbligato a risarcire il danno subito. Se il recesso avviene fino a   <\/p><p>\u2022 43 giorni prima dell'inizio del soggiorno, deve essere pagato il 20% del prezzo dei locali affittati.<\/p><p>\u2022 da 42 giorni prima dell'inizio del soggiorno, deve essere pagato il 100% del prezzo dei locali affittati.<\/p><p>In caso di recesso meno di 42 giorni prima dell'inizio del soggiorno, deve essere pagato l'intero importo dell'affitto. Fa fede la data di ricezione della notifica di recesso. Gli importi gi\u00e0 versati verranno detratti.  <\/p><p>L'inquilino pu\u00f2 fornire una persona sostitutiva che subentri nel contratto alle stesse condizioni e paghi l'intero canone di locazione entro i termini previsti. \u00c8 sufficiente una notifica scritta. Il proprietario si riserva il diritto di accettare l'inquilino sostitutivo.  <\/p><p><strong>5. OBBLIGHI DELL'INQUILINO<\/strong><\/p><p>L'inquilino si impegna a trattare con cura e riguardo i locali affittati (inventario e aree esterne). Se durante il periodo di locazione si verificano danni alla casa, alle stanze e\/o al loro inventario, l'inquilino \u00e8 obbligato a segnalarlo immediatamente al proprietario o al suo rappresentante. <\/p><p>I difetti e i danni gi\u00e0 riscontrati all'arrivo devono essere segnalati immediatamente, altrimenti l'inquilino sar\u00e0 responsabile di questi danni. Deve essere concesso un periodo di tempo ragionevole per la riparazione di danni e difetti. <\/p><p>Sono esclusi i reclami per contestazioni che non vengono segnalate immediatamente sul posto. Sono esclusi dal risarcimento danni anche i reclami che il proprietario riceve solo alla fine del soggiorno o dopo aver lasciato la propriet\u00e0 in affitto. <\/p><p>In caso di eventuali interruzioni del servizio, l'inquilino \u00e8 obbligato a fare tutto ci\u00f2 che \u00e8 ragionevolmente possibile nell'ambito dei suoi obblighi legali per contribuire a risolvere l'interruzione e minimizzare eventuali danni.<\/p><p>Il giorno della partenza, l'inquilino deve rimuovere gli effetti personali e lasciare o restituire le stanze in condizioni ordinate.<\/p><p>Tutti i mobili dell'arredamento interno non devono essere spostati o portati all'esterno o altrove.<\/p><p>Non \u00e8 consentito alcun tipo di riarredo.<\/p><p>\u00c8 assolutamente vietato lo stoccaggio di sostanze facilmente infiammabili o pericolose per la salute, come carburanti o esplosivi o simili, all'interno e all'esterno dei locali in affitto.<\/p><p>Siamo una casa per non fumatori! Non \u00e8 consentito fumare in tutto l'edificio. \u00c8 permesso fumare solo nel cortile interno e nell'area del giardino e devono essere usati i posacenere. In caso di macchie o buchi di bruciatura, l'inquilino si far\u00e0 carico dei costi di riparazione o sostituzione.   <\/p><p><strong>6. PARCHEGGIO<\/strong><\/p><p>I posti auto gratuiti sono disponibili per l'inquilino nel parcheggio privato. Il proprietario non si assume alcuna responsabilit\u00e0 per i veicoli parcheggiati nel parcheggio e il loro contenuto. <\/p><p><strong>7. PRIVACY<\/strong><\/p><p>L'inquilino accetta che i dati personali necessari possano essere archiviati, modificati e\/o cancellati nell'ambito del contratto stipulato con lui. Tutti i dati personali saranno trattati in modo confidenziale. <\/p><p><strong>8. ESCLUSIONE DI RESPONSABILIT\u00c0<\/strong><\/p><p>L'annuncio \u00e8 stato redatto al meglio delle conoscenze. Non ci assumiamo alcuna responsabilit\u00e0 per influenze sulla propriet\u00e0 in affitto dovute a forza maggiore, interruzioni di corrente e acqua tipiche del paese e maltempo. Allo stesso modo, non ci assumiamo responsabilit\u00e0 in caso di circostanze imprevedibili o inevitabili come ordinanze ufficiali, cantieri improvvisi o disturbi dovuti a condizioni naturali e locali. Tuttavia, il proprietario aiuter\u00e0 a risolvere i problemi (per quanto possibile). \u00c8 esclusa la responsabilit\u00e0 del proprietario per l'uso di eventuali attrezzature per giochi e sport fornite, e l'uso avviene a proprio rischio.    <\/p><p>L'arrivo e la partenza dell'inquilino avvengono sotto la propria responsabilit\u00e0.<\/p><p>Il proprietario non \u00e8 responsabile per gli effetti personali, anche in caso di furto con scasso, furto o incendio. L'inquilino \u00e8 pienamente responsabile per distruzioni o danni intenzionali. Allo stesso modo, il proprietario non si assume alcuna responsabilit\u00e0 per lesioni personali.  <\/p><p><strong>9. DISPOSIZIONI FINALI<\/strong><\/p><p>Le foto e i testi sul sito web o nel volantino servono per una descrizione realistica. Non pu\u00f2 essere garantita una corrispondenza al 100% con la propriet\u00e0 in affitto. Il proprietario si riserva il diritto di modificare l'arredamento (ad esempio, mobili).  <\/p><p>Se una o pi\u00f9 disposizioni di questi termini e condizioni sono o diventano invalide, ci\u00f2 non pregiudica la validit\u00e0 delle restanti condizioni. La regola non valida deve essere sostituita da una valida che si avvicini il pi\u00f9 possibile alla volont\u00e0 economica e legale delle parti contraenti. <\/p><p>Si applica la legge austriaca.<\/p><p>Il foro competente e il luogo di adempimento \u00e8 Zwettl in Austria.<\/p>\t\t\t\t\t\t\t\t<\/div>\n\t\t\t\t<\/div>\n\t\t\t\t\t<\/div>\n\t\t<\/div>\n\t\t\t\t\t<\/div>\n\t\t<\/section>\n\t\t\t\t<\/div>\n\t\t","protected":false},"excerpt":{"rendered":"<p>1. ARRIVO E PARTENZA Check-in: dalle 14:00 alle 17:00 Check-out: entro le 10:00 Gli orari di arrivo e partenza possono [&hellip;]<\/p>\n","protected":false},"author":4,"featured_media":0,"parent":0,"menu_order":0,"comment_status":"closed","ping_status":"closed","template":"","meta":{"site-sidebar-layout":"no-sidebar","site-content-layout":"content-boxed-container","ast-site-content-layout":"default","site-content-style":"default","site-sidebar-style":"default","ast-global-header-display":"","ast-banner-title-visibility":"","ast-main-header-display":"","ast-hfb-above-header-display":"","ast-hfb-below-header-display":"","ast-hfb-mobile-header-display":"","site-post-title":"","ast-breadcrumbs-content":"","ast-featured-img":"","footer-sml-layout":"","theme-transparent-header-meta":"default","adv-header-id-meta":"","stick-header-meta":"default","header-above-stick-meta":"","header-main-stick-meta":"","header-below-stick-meta":"","astra-migrate-meta-layouts":"default","ast-page-background-enabled":"default","ast-page-background-meta":{"desktop":{"background-color":"","background-image":"","background-repeat":"repeat","background-position":"center center","background-size":"auto","background-attachment":"scroll","background-type":"","background-media":"","overlay-type":"","overlay-color":"","overlay-opacity":"","overlay-gradient":""},"tablet":{"background-color":"","background-image":"","background-repeat":"repeat","background-position":"center center","background-size":"auto","background-attachment":"scroll","background-type":"","background-media":"","overlay-type":"","overlay-color":"","overlay-opacity":"","overlay-gradient":""},"mobile":{"background-color":"","background-image":"","background-repeat":"repeat","background-position":"center center","background-size":"auto","background-attachment":"scroll","background-type":"","background-media":"","overlay-type":"","overlay-color":"","overlay-opacity":"","overlay-gradient":""}},"ast-content-background-meta":{"desktop":{"background-color":"var(--ast-global-color-5)","background-image":"","background-repeat":"repeat","background-position":"center center","background-size":"auto","background-attachment":"scroll","background-type":"","background-media":"","overlay-type":"","overlay-color":"","overlay-opacity":"","overlay-gradient":""},"tablet":{"background-color":"var(--ast-global-color-5)","background-image":"","background-repeat":"repeat","background-position":"center center","background-size":"auto","background-attachment":"scroll","background-type":"","background-media":"","overlay-type":"","overlay-color":"","overlay-opacity":"","overlay-gradient":""},"mobile":{"background-color":"var(--ast-global-color-5)","background-image":"","background-repeat":"repeat","background-position":"center center","background-size":"auto","background-attachment":"scroll","background-type":"","background-media":"","overlay-type":"","overlay-color":"","overlay-opacity":"","overlay-gradient":""}},"footnotes":""},"class_list":["post-10024","page","type-page","status-publish","hentry"],"yoast_head":"<!-- This site is optimized with the Yoast SEO plugin v27.4 - https:\/\/yoast.com\/product\/yoast-seo-wordpress\/ -->\n<title>Termini e condizioni - El Molino<\/title>\n<meta name=\"robots\" content=\"index, follow, max-snippet:-1, max-image-preview:large, max-video-preview:-1\" \/>\n<link rel=\"canonical\" href=\"https:\/\/www.elmolino.at\/it\/termini-e-condizioni\/\" \/>\n<meta property=\"og:locale\" content=\"it_IT\" \/>\n<meta property=\"og:type\" content=\"article\" \/>\n<meta property=\"og:title\" content=\"Termini e condizioni - El Molino\" \/>\n<meta property=\"og:description\" content=\"1. ARRIVO E PARTENZA Check-in: dalle 14:00 alle 17:00 Check-out: entro le 10:00 Gli orari di arrivo e partenza possono [&hellip;]\" \/>\n<meta property=\"og:url\" content=\"https:\/\/www.elmolino.at\/it\/termini-e-condizioni\/\" \/>\n<meta property=\"og:site_name\" content=\"El Molino\" \/>\n<meta property=\"article:modified_time\" content=\"2025-04-07T14:22:47+00:00\" \/>\n<meta name=\"twitter:card\" content=\"summary_large_image\" \/>\n<meta name=\"twitter:label1\" content=\"Tempo di lettura stimato\" \/>\n\t<meta name=\"twitter:data1\" content=\"5 minuti\" \/>\n<script type=\"application\/ld+json\" class=\"yoast-schema-graph\">{\"@context\":\"https:\\\/\\\/schema.org\",\"@graph\":[{\"@type\":\"WebPage\",\"@id\":\"https:\\\/\\\/www.elmolino.at\\\/it\\\/termini-e-condizioni\\\/\",\"url\":\"https:\\\/\\\/www.elmolino.at\\\/it\\\/termini-e-condizioni\\\/\",\"name\":\"Termini e condizioni - El Molino\",\"isPartOf\":{\"@id\":\"https:\\\/\\\/www.elmolino.at\\\/it\\\/#website\"},\"datePublished\":\"2018-04-24T11:24:02+00:00\",\"dateModified\":\"2025-04-07T14:22:47+00:00\",\"breadcrumb\":{\"@id\":\"https:\\\/\\\/www.elmolino.at\\\/it\\\/termini-e-condizioni\\\/#breadcrumb\"},\"inLanguage\":\"it-IT\",\"potentialAction\":[{\"@type\":\"ReadAction\",\"target\":[\"https:\\\/\\\/www.elmolino.at\\\/it\\\/termini-e-condizioni\\\/\"]}]},{\"@type\":\"BreadcrumbList\",\"@id\":\"https:\\\/\\\/www.elmolino.at\\\/it\\\/termini-e-condizioni\\\/#breadcrumb\",\"itemListElement\":[{\"@type\":\"ListItem\",\"position\":1,\"name\":\"home\",\"item\":\"https:\\\/\\\/www.elmolino.at\\\/it\\\/home\\\/\"},{\"@type\":\"ListItem\",\"position\":2,\"name\":\"Termini e condizioni\"}]},{\"@type\":\"WebSite\",\"@id\":\"https:\\\/\\\/www.elmolino.at\\\/it\\\/#website\",\"url\":\"https:\\\/\\\/www.elmolino.at\\\/it\\\/\",\"name\":\"El Molino\",\"description\":\"la location per eventi unica. goditi l'austria. \",\"publisher\":{\"@id\":\"https:\\\/\\\/www.elmolino.at\\\/it\\\/#organization\"},\"potentialAction\":[{\"@type\":\"SearchAction\",\"target\":{\"@type\":\"EntryPoint\",\"urlTemplate\":\"https:\\\/\\\/www.elmolino.at\\\/it\\\/?s={search_term_string}\"},\"query-input\":{\"@type\":\"PropertyValueSpecification\",\"valueRequired\":true,\"valueName\":\"search_term_string\"}}],\"inLanguage\":\"it-IT\"},{\"@type\":\"Organization\",\"@id\":\"https:\\\/\\\/www.elmolino.at\\\/it\\\/#organization\",\"name\":\"El Molino\",\"url\":\"https:\\\/\\\/www.elmolino.at\\\/it\\\/\",\"logo\":{\"@type\":\"ImageObject\",\"inLanguage\":\"it-IT\",\"@id\":\"https:\\\/\\\/www.elmolino.at\\\/it\\\/#\\\/schema\\\/logo\\\/image\\\/\",\"url\":\"https:\\\/\\\/www.elmolino.at\\\/wp-content\\\/uploads\\\/2025\\\/05\\\/cropped-El-Molino-Logo-Haus-Schrift1.png\",\"contentUrl\":\"https:\\\/\\\/www.elmolino.at\\\/wp-content\\\/uploads\\\/2025\\\/05\\\/cropped-El-Molino-Logo-Haus-Schrift1.png\",\"width\":400,\"height\":140,\"caption\":\"El Molino\"},\"image\":{\"@id\":\"https:\\\/\\\/www.elmolino.at\\\/it\\\/#\\\/schema\\\/logo\\\/image\\\/\"}}]}<\/script>\n<!-- \/ Yoast SEO plugin. -->","yoast_head_json":{"title":"Termini e condizioni - El Molino","robots":{"index":"index","follow":"follow","max-snippet":"max-snippet:-1","max-image-preview":"max-image-preview:large","max-video-preview":"max-video-preview:-1"},"canonical":"https:\/\/www.elmolino.at\/it\/termini-e-condizioni\/","og_locale":"it_IT","og_type":"article","og_title":"Termini e condizioni - El Molino","og_description":"1. ARRIVO E PARTENZA Check-in: dalle 14:00 alle 17:00 Check-out: entro le 10:00 Gli orari di arrivo e partenza possono [&hellip;]","og_url":"https:\/\/www.elmolino.at\/it\/termini-e-condizioni\/","og_site_name":"El Molino","article_modified_time":"2025-04-07T14:22:47+00:00","twitter_card":"summary_large_image","twitter_misc":{"Tempo di lettura stimato":"5 minuti"},"schema":{"@context":"https:\/\/schema.org","@graph":[{"@type":"WebPage","@id":"https:\/\/www.elmolino.at\/it\/termini-e-condizioni\/","url":"https:\/\/www.elmolino.at\/it\/termini-e-condizioni\/","name":"Termini e condizioni - El Molino","isPartOf":{"@id":"https:\/\/www.elmolino.at\/it\/#website"},"datePublished":"2018-04-24T11:24:02+00:00","dateModified":"2025-04-07T14:22:47+00:00","breadcrumb":{"@id":"https:\/\/www.elmolino.at\/it\/termini-e-condizioni\/#breadcrumb"},"inLanguage":"it-IT","potentialAction":[{"@type":"ReadAction","target":["https:\/\/www.elmolino.at\/it\/termini-e-condizioni\/"]}]},{"@type":"BreadcrumbList","@id":"https:\/\/www.elmolino.at\/it\/termini-e-condizioni\/#breadcrumb","itemListElement":[{"@type":"ListItem","position":1,"name":"home","item":"https:\/\/www.elmolino.at\/it\/home\/"},{"@type":"ListItem","position":2,"name":"Termini e condizioni"}]},{"@type":"WebSite","@id":"https:\/\/www.elmolino.at\/it\/#website","url":"https:\/\/www.elmolino.at\/it\/","name":"El Molino","description":"la location per eventi unica. goditi l'austria. ","publisher":{"@id":"https:\/\/www.elmolino.at\/it\/#organization"},"potentialAction":[{"@type":"SearchAction","target":{"@type":"EntryPoint","urlTemplate":"https:\/\/www.elmolino.at\/it\/?s={search_term_string}"},"query-input":{"@type":"PropertyValueSpecification","valueRequired":true,"valueName":"search_term_string"}}],"inLanguage":"it-IT"},{"@type":"Organization","@id":"https:\/\/www.elmolino.at\/it\/#organization","name":"El Molino","url":"https:\/\/www.elmolino.at\/it\/","logo":{"@type":"ImageObject","inLanguage":"it-IT","@id":"https:\/\/www.elmolino.at\/it\/#\/schema\/logo\/image\/","url":"https:\/\/www.elmolino.at\/wp-content\/uploads\/2025\/05\/cropped-El-Molino-Logo-Haus-Schrift1.png","contentUrl":"https:\/\/www.elmolino.at\/wp-content\/uploads\/2025\/05\/cropped-El-Molino-Logo-Haus-Schrift1.png","width":400,"height":140,"caption":"El Molino"},"image":{"@id":"https:\/\/www.elmolino.at\/it\/#\/schema\/logo\/image\/"}}]}},"_links":{"self":[{"href":"https:\/\/www.elmolino.at\/it\/wp-json\/wp\/v2\/pages\/10024","targetHints":{"allow":["GET"]}}],"collection":[{"href":"https:\/\/www.elmolino.at\/it\/wp-json\/wp\/v2\/pages"}],"about":[{"href":"https:\/\/www.elmolino.at\/it\/wp-json\/wp\/v2\/types\/page"}],"author":[{"embeddable":true,"href":"https:\/\/www.elmolino.at\/it\/wp-json\/wp\/v2\/users\/4"}],"replies":[{"embeddable":true,"href":"https:\/\/www.elmolino.at\/it\/wp-json\/wp\/v2\/comments?post=10024"}],"version-history":[{"count":1,"href":"https:\/\/www.elmolino.at\/it\/wp-json\/wp\/v2\/pages\/10024\/revisions"}],"predecessor-version":[{"id":10025,"href":"https:\/\/www.elmolino.at\/it\/wp-json\/wp\/v2\/pages\/10024\/revisions\/10025"}],"wp:attachment":[{"href":"https:\/\/www.elmolino.at\/it\/wp-json\/wp\/v2\/media?parent=10024"}],"curies":[{"name":"wp","href":"https:\/\/api.w.org\/{rel}","templated":true}]}}